{"id":4287,"date":"2020-09-22T10:00:00","date_gmt":"2020-09-22T02:00:00","guid":{"rendered":"https:\/\/www.ching-chee.com\/?page_id=4287"},"modified":"2020-12-02T16:53:32","modified_gmt":"2020-12-02T08:53:32","slug":"traditional-milling-machine-lathe-grinding-machine","status":"publish","type":"page","link":"https:\/\/www.ching-chee.com\/en\/equipment-introduction\/traditional-milling-machine-lathe-grinding-machine\/","title":{"rendered":"Traditional milling machine\/lathe\/grinding machine"},"content":{"rendered":"\t\t<div data-elementor-type=\"wp-post\" data-elementor-id=\"4287\" class=\"elementor elementor-4287 elementor-2708\" data-elementor-post-type=\"page\">\n\t\t\t\t\t\t<section class=\"elementor-section elementor-top-section elementor-element elementor-element-705efc4 elementor-section-boxed elementor-section-height-default elementor-section-height-default\" data-id=\"705efc4\" data-element_type=\"section\" data-e-type=\"section\" data-settings=\"{&quot;background_background&quot;:&quot;classic&quot;}\">\n\t\t\t\t\t\t\t<div class=\"elementor-background-overlay\"><\/div>\n\t\t\t\t\t\t\t<div class=\"elementor-container elementor-column-gap-default\">\n\t\t\t\t\t<div class=\"elementor-column elementor-col-100 elementor-top-column elementor-element elementor-element-a75e30b\" data-id=\"a75e30b\" data-element_type=\"column\" data-e-type=\"column\">\n\t\t\t<div class=\"elementor-widget-wrap elementor-element-populated\">\n\t\t\t\t\t\t<section class=\"elementor-section elementor-inner-section elementor-element elementor-element-0c875fb elementor-section-boxed elementor-section-height-default elementor-section-height-default\" data-id=\"0c875fb\" data-element_type=\"section\" data-e-type=\"section\">\n\t\t\t\t\t\t<div class=\"elementor-container elementor-column-gap-default\">\n\t\t\t\t\t<div class=\"elementor-column elementor-col-66 elementor-inner-column elementor-element elementor-element-1062bd7\" data-id=\"1062bd7\" data-element_type=\"column\" data-e-type=\"column\">\n\t\t\t<div class=\"elementor-widget-wrap elementor-element-populated\">\n\t\t\t\t\t\t<div class=\"elementor-element elementor-element-fb03a9c elementor-widget elementor-widget-heading\" data-id=\"fb03a9c\" data-element_type=\"widget\" data-e-type=\"widget\" data-widget_type=\"heading.default\">\n\t\t\t\t<div class=\"elementor-widget-container\">\n\t\t\t\t\t<h1 class=\"elementor-heading-title elementor-size-default\">Traditional milling machine\/lathe\/grinding machine<\/h1>\t\t\t\t<\/div>\n\t\t\t\t<\/div>\n\t\t\t\t\t<\/div>\n\t\t<\/div>\n\t\t\t\t<div class=\"elementor-column elementor-col-33 elementor-inner-column elementor-element elementor-element-47239b5\" data-id=\"47239b5\" data-element_type=\"column\" data-e-type=\"column\">\n\t\t\t<div class=\"elementor-widget-wrap\">\n\t\t\t\t\t\t\t<\/div>\n\t\t<\/div>\n\t\t\t\t\t<\/div>\n\t\t<\/section>\n\t\t\t\t<section class=\"elementor-section elementor-inner-section elementor-element elementor-element-1f83c54 elementor-section-height-min-height elementor-section-boxed elementor-section-height-default\" data-id=\"1f83c54\" data-element_type=\"section\" data-e-type=\"section\">\n\t\t\t\t\t\t<div class=\"elementor-container elementor-column-gap-default\">\n\t\t\t\t\t<div class=\"elementor-column elementor-col-66 elementor-inner-column elementor-element elementor-element-f4688b5\" data-id=\"f4688b5\" data-element_type=\"column\" data-e-type=\"column\">\n\t\t\t<div class=\"elementor-widget-wrap\">\n\t\t\t\t\t\t\t<\/div>\n\t\t<\/div>\n\t\t\t\t<div class=\"elementor-column elementor-col-33 elementor-inner-column elementor-element elementor-element-1f4a8fe\" data-id=\"1f4a8fe\" data-element_type=\"column\" data-e-type=\"column\" data-settings=\"{&quot;background_background&quot;:&quot;classic&quot;}\">\n\t\t\t<div class=\"elementor-widget-wrap elementor-element-populated\">\n\t\t\t\t\t\t<div class=\"elementor-element elementor-element-d6f3247 elementor-widget elementor-widget-heading\" data-id=\"d6f3247\" data-element_type=\"widget\" data-e-type=\"widget\" data-widget_type=\"heading.default\">\n\t\t\t\t<div class=\"elementor-widget-container\">\n\t\t\t\t\t<h5 class=\"elementor-heading-title elementor-size-default\">CONTACT US<\/h5>\t\t\t\t<\/div>\n\t\t\t\t<\/div>\n\t\t\t\t<div class=\"elementor-element elementor-element-f5cc547 elementor-widget elementor-widget-heading\" data-id=\"f5cc547\" data-element_type=\"widget\" data-e-type=\"widget\" data-widget_type=\"heading.default\">\n\t\t\t\t<div class=\"elementor-widget-container\">\n\t\t\t\t\t<h3 class=\"elementor-heading-title elementor-size-default\">+886 07-7882366<\/h3>\t\t\t\t<\/div>\n\t\t\t\t<\/div>\n\t\t\t\t\t<\/div>\n\t\t<\/div>\n\t\t\t\t\t<\/div>\n\t\t<\/section>\n\t\t\t\t\t<\/div>\n\t\t<\/div>\n\t\t\t\t\t<\/div>\n\t\t<\/section>\n\t\t\t\t<section class=\"elementor-section elementor-top-section elementor-element elementor-element-5a43aa9 elementor-section-boxed elementor-section-height-default elementor-section-height-default\" data-id=\"5a43aa9\" data-element_type=\"section\" data-e-type=\"section\" data-settings=\"{&quot;background_background&quot;:&quot;classic&quot;}\">\n\t\t\t\t\t\t\t<div class=\"elementor-background-overlay\"><\/div>\n\t\t\t\t\t\t\t<div class=\"elementor-container elementor-column-gap-extended\">\n\t\t\t\t\t<div class=\"elementor-column elementor-col-33 elementor-top-column elementor-element elementor-element-52e11a0\" data-id=\"52e11a0\" data-element_type=\"column\" data-e-type=\"column\">\n\t\t\t<div class=\"elementor-widget-wrap elementor-element-populated\">\n\t\t\t\t\t\t<div class=\"elementor-element elementor-element-7ccf1e6 elementor-position-top elementor-widget elementor-widget-image-box\" data-id=\"7ccf1e6\" data-element_type=\"widget\" data-e-type=\"widget\" data-widget_type=\"image-box.default\">\n\t\t\t\t<div class=\"elementor-widget-container\">\n\t\t\t\t\t<div class=\"elementor-image-box-wrapper\"><figure class=\"elementor-image-box-img\"><img decoding=\"async\" src=\"https:\/\/www.ching-chee.com\/wp-content\/uploads\/elementor\/thumbs\/2-1-p1xkomlw7ggkhb7vhm775q3ijput0diu8622z4v2k8.jpg\" title=\"\u9032\u671f\u79d1\u6280-\u50b3\u7d71\u9291\u5e8a_\u8eca\u5e8a_\u78e8\u5e8a\" alt=\"\u9032\u671f\u79d1\u6280-\u50b3\u7d71\u9291\u5e8a_\u8eca\u5e8a_\u78e8\u5e8a\" class=\"elementor-animation-grow\" loading=\"lazy\" \/><\/figure><div class=\"elementor-image-box-content\"><h3 class=\"elementor-image-box-title\">Traditional milling machine<\/h3><p class=\"elementor-image-box-description\">Traditional milling machine 1.8# \u00d7 4<br>\nTraditional milling machine 1.6# \u00d7 1\n<\/p><\/div><\/div>\t\t\t\t<\/div>\n\t\t\t\t<\/div>\n\t\t\t\t\t<\/div>\n\t\t<\/div>\n\t\t\t\t<div class=\"elementor-column elementor-col-33 elementor-top-column elementor-element elementor-element-88df0ba\" data-id=\"88df0ba\" data-element_type=\"column\" data-e-type=\"column\">\n\t\t\t<div class=\"elementor-widget-wrap elementor-element-populated\">\n\t\t\t\t\t\t<div class=\"elementor-element elementor-element-46c5f2c elementor-position-top elementor-widget elementor-widget-image-box\" data-id=\"46c5f2c\" data-element_type=\"widget\" data-e-type=\"widget\" data-widget_type=\"image-box.default\">\n\t\t\t\t<div class=\"elementor-widget-container\">\n\t\t\t\t\t<div class=\"elementor-image-box-wrapper\"><figure class=\"elementor-image-box-img\"><img fetchpriority=\"high\" decoding=\"async\" width=\"223\" height=\"300\" src=\"https:\/\/www.ching-chee.com\/wp-content\/uploads\/2020\/08\/\u78e8\u5e8a-223x300.jpg\" class=\"elementor-animation-grow attachment-medium size-medium wp-image-4122\" alt=\"\u9032\u671f\u79d1\u6280-\u78e8\u5e8a\u6a5f\u68b0\" title=\"\" srcset=\"https:\/\/www.ching-chee.com\/wp-content\/uploads\/2020\/08\/\u78e8\u5e8a-223x300.jpg 223w, https:\/\/www.ching-chee.com\/wp-content\/uploads\/2020\/08\/\u78e8\u5e8a.jpg 378w\" sizes=\"(max-width: 223px) 100vw, 223px\" \/><\/figure><div class=\"elementor-image-box-content\"><h3 class=\"elementor-image-box-title\">Grinding machine<\/h3><p class=\"elementor-image-box-description\">\nPfeiffer grinder 510AAHD (X-axis 1000, Y-axis 500) \u00d7 1<br>\nSurface grinder (300*600) \u00d71<br>\nSurface grinder (250*400) \u00d71<\/p><\/div><\/div>\t\t\t\t<\/div>\n\t\t\t\t<\/div>\n\t\t\t\t\t<\/div>\n\t\t<\/div>\n\t\t\t\t<div class=\"elementor-column elementor-col-33 elementor-top-column elementor-element elementor-element-17d6160\" data-id=\"17d6160\" data-element_type=\"column\" data-e-type=\"column\">\n\t\t\t<div class=\"elementor-widget-wrap elementor-element-populated\">\n\t\t\t\t\t\t<div class=\"elementor-element elementor-element-8a01654 elementor-position-top elementor-widget elementor-widget-image-box\" data-id=\"8a01654\" data-element_type=\"widget\" data-e-type=\"widget\" data-widget_type=\"image-box.default\">\n\t\t\t\t<div class=\"elementor-widget-container\">\n\t\t\t\t\t<div class=\"elementor-image-box-wrapper\"><figure class=\"elementor-image-box-img\"><img decoding=\"async\" width=\"300\" height=\"200\" src=\"https:\/\/www.ching-chee.com\/wp-content\/uploads\/2020\/01\/\u50b3\u7d71\u8eca\u5e8a\u52a0\u5de5-1\u7c73-300x200.jpg\" class=\"elementor-animation-grow attachment-medium size-medium wp-image-2719\" alt=\"1\u7c73\" title=\"\" srcset=\"https:\/\/www.ching-chee.com\/wp-content\/uploads\/2020\/01\/\u50b3\u7d71\u8eca\u5e8a\u52a0\u5de5-1\u7c73-300x200.jpg 300w, https:\/\/www.ching-chee.com\/wp-content\/uploads\/2020\/01\/\u50b3\u7d71\u8eca\u5e8a\u52a0\u5de5-1\u7c73.jpg 600w\" sizes=\"(max-width: 300px) 100vw, 300px\" \/><\/figure><div class=\"elementor-image-box-content\"><h3 class=\"elementor-image-box-title\">Traditional lathe<\/h3><p class=\"elementor-image-box-description\">Traditional lathe 1 meter \u00d7 1<\/p><\/div><\/div>\t\t\t\t<\/div>\n\t\t\t\t<\/div>\n\t\t\t\t\t<\/div>\n\t\t<\/div>\n\t\t\t\t\t<\/div>\n\t\t<\/section>\n\t\t\t\t<section class=\"elementor-section elementor-top-section elementor-element elementor-element-fadef44 elementor-section-boxed elementor-section-height-default elementor-section-height-default\" data-id=\"fadef44\" data-element_type=\"section\" data-e-type=\"section\" data-settings=\"{&quot;background_background&quot;:&quot;classic&quot;}\">\n\t\t\t\t\t\t<div class=\"elementor-container elementor-column-gap-extended\">\n\t\t\t\t\t<div class=\"elementor-column elementor-col-33 elementor-top-column elementor-element elementor-element-6251223\" data-id=\"6251223\" data-element_type=\"column\" data-e-type=\"column\">\n\t\t\t<div class=\"elementor-widget-wrap elementor-element-populated\">\n\t\t\t\t\t\t<div class=\"elementor-element elementor-element-73087fd elementor-position-top elementor-widget elementor-widget-image-box\" data-id=\"73087fd\" data-element_type=\"widget\" data-e-type=\"widget\" data-widget_type=\"image-box.default\">\n\t\t\t\t<div class=\"elementor-widget-container\">\n\t\t\t\t\t<div class=\"elementor-image-box-wrapper\"><figure class=\"elementor-image-box-img\"><img decoding=\"async\" width=\"300\" height=\"200\" src=\"https:\/\/www.ching-chee.com\/wp-content\/uploads\/2020\/01\/\u947d\u5b54-300x200.jpg\" class=\"elementor-animation-grow attachment-medium size-medium wp-image-2722\" alt=\"\u9032\u671f\u79d1\u6280-\u945a\u5b54\u6a5f\" title=\"\" srcset=\"https:\/\/www.ching-chee.com\/wp-content\/uploads\/2020\/01\/\u947d\u5b54-300x200.jpg 300w, https:\/\/www.ching-chee.com\/wp-content\/uploads\/2020\/01\/\u947d\u5b54.jpg 390w\" sizes=\"(max-width: 300px) 100vw, 300px\" \/><\/figure><div class=\"elementor-image-box-content\"><h3 class=\"elementor-image-box-title\">driller<\/h3><p class=\"elementor-image-box-description\">Drilling machine \u00d7 10<\/p><\/div><\/div>\t\t\t\t<\/div>\n\t\t\t\t<\/div>\n\t\t\t\t\t<\/div>\n\t\t<\/div>\n\t\t\t\t<div class=\"elementor-column elementor-col-33 elementor-top-column elementor-element elementor-element-f6008ad\" data-id=\"f6008ad\" data-element_type=\"column\" data-e-type=\"column\">\n\t\t\t<div class=\"elementor-widget-wrap elementor-element-populated\">\n\t\t\t\t\t\t<div class=\"elementor-element elementor-element-0a7f9a1 elementor-position-top elementor-widget elementor-widget-image-box\" data-id=\"0a7f9a1\" data-element_type=\"widget\" data-e-type=\"widget\" data-widget_type=\"image-box.default\">\n\t\t\t\t<div class=\"elementor-widget-container\">\n\t\t\t\t\t<div class=\"elementor-image-box-wrapper\"><figure class=\"elementor-image-box-img\"><img loading=\"lazy\" decoding=\"async\" width=\"300\" height=\"200\" src=\"https:\/\/www.ching-chee.com\/wp-content\/uploads\/2020\/01\/Pneumatic-Tapping-Machine-2-300x200.jpg\" class=\"elementor-animation-grow attachment-medium size-medium wp-image-2736\" alt=\"\u9032\u671f\u79d1\u6280-\u6c23\u52d5\u5f0f\u653b\u7259\u6a5f\" title=\"\" srcset=\"https:\/\/www.ching-chee.com\/wp-content\/uploads\/2020\/01\/Pneumatic-Tapping-Machine-2-300x200.jpg 300w, https:\/\/www.ching-chee.com\/wp-content\/uploads\/2020\/01\/Pneumatic-Tapping-Machine-2.jpg 600w\" sizes=\"(max-width: 300px) 100vw, 300px\" \/><\/figure><div class=\"elementor-image-box-content\"><h3 class=\"elementor-image-box-title\">Pneumatic tapping machine<\/h3><p class=\"elementor-image-box-description\">Pneumatic tapping machine \u00d7 2<\/p><\/div><\/div>\t\t\t\t<\/div>\n\t\t\t\t<\/div>\n\t\t\t\t\t<\/div>\n\t\t<\/div>\n\t\t\t\t<div class=\"elementor-column elementor-col-33 elementor-top-column elementor-element elementor-element-bdac373\" data-id=\"bdac373\" data-element_type=\"column\" data-e-type=\"column\">\n\t\t\t<div class=\"elementor-widget-wrap elementor-element-populated\">\n\t\t\t\t\t\t<div class=\"elementor-element elementor-element-78022ec elementor-position-top elementor-widget elementor-widget-image-box\" data-id=\"78022ec\" data-element_type=\"widget\" data-e-type=\"widget\" data-widget_type=\"image-box.default\">\n\t\t\t\t<div class=\"elementor-widget-container\">\n\t\t\t\t\t<div class=\"elementor-image-box-wrapper\"><figure class=\"elementor-image-box-img\"><img loading=\"lazy\" decoding=\"async\" width=\"300\" height=\"200\" src=\"https:\/\/www.ching-chee.com\/wp-content\/uploads\/2020\/01\/\u653b\u7259\u6a5f-1jpg-300x200.jpg\" class=\"elementor-animation-grow attachment-medium size-medium wp-image-2745\" alt=\"\u9032\u671f\u79d1\u6280-\u653b\u7259\u6a5f\" title=\"\" srcset=\"https:\/\/www.ching-chee.com\/wp-content\/uploads\/2020\/01\/\u653b\u7259\u6a5f-1jpg-300x200.jpg 300w, https:\/\/www.ching-chee.com\/wp-content\/uploads\/2020\/01\/\u653b\u7259\u6a5f-1jpg.jpg 600w\" sizes=\"(max-width: 300px) 100vw, 300px\" \/><\/figure><div class=\"elementor-image-box-content\"><h3 class=\"elementor-image-box-title\">Tapping machine<\/h3><p class=\"elementor-image-box-description\">Tapping machine \u00d7 5<\/p><\/div><\/div>\t\t\t\t<\/div>\n\t\t\t\t<\/div>\n\t\t\t\t\t<\/div>\n\t\t<\/div>\n\t\t\t\t\t<\/div>\n\t\t<\/section>\n\t\t\t\t<section class=\"elementor-section elementor-top-section elementor-element elementor-element-a3373fb elementor-section-boxed elementor-section-height-default elementor-section-height-default\" data-id=\"a3373fb\" data-element_type=\"section\" data-e-type=\"section\" data-settings=\"{&quot;background_background&quot;:&quot;classic&quot;}\">\n\t\t\t\t\t\t<div class=\"elementor-container elementor-column-gap-extended\">\n\t\t\t\t\t<div class=\"elementor-column elementor-col-100 elementor-top-column elementor-element elementor-element-b3842ae\" data-id=\"b3842ae\" data-element_type=\"column\" data-e-type=\"column\">\n\t\t\t<div class=\"elementor-widget-wrap elementor-element-populated\">\n\t\t\t\t\t\t<div class=\"elementor-element elementor-element-59fea22 elementor-position-top elementor-widget elementor-widget-image-box\" data-id=\"59fea22\" data-element_type=\"widget\" data-e-type=\"widget\" data-widget_type=\"image-box.default\">\n\t\t\t\t<div class=\"elementor-widget-container\">\n\t\t\t\t\t<div class=\"elementor-image-box-wrapper\"><figure class=\"elementor-image-box-img\"><img loading=\"lazy\" decoding=\"async\" width=\"300\" height=\"201\" src=\"https:\/\/www.ching-chee.com\/wp-content\/uploads\/2020\/01\/\u7acb\u5f0f\u5e36\u9245\u6a5f.jpg\" class=\"elementor-animation-grow attachment-medium size-medium wp-image-2748\" alt=\"\u9032\u671f\u79d1\u6280-\u7acb\u5f0f\u5e36\u9245\u6a5f\" title=\"\"><\/figure><div class=\"elementor-image-box-content\"><h3 class=\"elementor-image-box-title\">Vertical Band Saw<\/h3><p class=\"elementor-image-box-description\">\nVertical band saw machine \u00d7 2<\/p><\/div><\/div>\t\t\t\t<\/div>\n\t\t\t\t<\/div>\n\t\t\t\t\t<\/div>\n\t\t<\/div>\n\t\t\t\t\t<\/div>\n\t\t<\/section>\n\t\t\t\t<\/div>\n\t\t","protected":false},"excerpt":{"rendered":"<p>Traditional milling machine\/lathe\/grinding machine CONTACT US +886 07-7882366 Traditional milling machine Traditional milling machine 1.8# \u00d7 4 Traditional milling machine 1.6# \u00d7 1 Grinding machine Pfeiffer grinder 510AAHD (X-axis 1000, Y-axis 500) \u00d7 1 Surface grinder (300*600) \u00d71 Surface grinder (250*400) \u00d71 Traditional lathe Traditional lathe 1 meter \u00d7 1 driller Drilling machine \u00d7 10 [&hellip;]<\/p>\n","protected":false},"author":1,"featured_media":0,"parent":3082,"menu_order":0,"comment_status":"closed","ping_status":"closed","template":"","meta":{"site-sidebar-layout":"default","site-content-layout":"page-builder","ast-site-content-layout":"default","site-content-style":"default","site-sidebar-style":"default","ast-global-header-display":"","ast-banner-title-visibility":"","ast-main-header-display":"","ast-hfb-above-header-display":"","ast-hfb-below-header-display":"","ast-hfb-mobile-header-display":"","site-post-title":"disabled","ast-breadcrumbs-content":"","ast-featured-img":"disabled","footer-sml-layout":"","ast-disable-related-posts":"","theme-transparent-header-meta":"enabled","adv-header-id-meta":"","stick-header-meta":"default","header-above-stick-meta":"","header-main-stick-meta":"","header-below-stick-meta":"","astra-migrate-meta-layouts":"default","ast-page-background-enabled":"default","ast-page-background-meta":{"desktop":{"background-color":"","background-image":"","background-repeat":"repeat","background-position":"center center","background-size":"auto","background-attachment":"scroll","background-type":"","background-media":"","overlay-type":"","overlay-color":"","overlay-opacity":"","overlay-gradient":""},"tablet":{"background-color":"","background-image":"","background-repeat":"repeat","background-position":"center center","background-size":"auto","background-attachment":"scroll","background-type":"","background-media":"","overlay-type":"","overlay-color":"","overlay-opacity":"","overlay-gradient":""},"mobile":{"background-color":"","background-image":"","background-repeat":"repeat","background-position":"center center","background-size":"auto","background-attachment":"scroll","background-type":"","background-media":"","overlay-type":"","overlay-color":"","overlay-opacity":"","overlay-gradient":""}},"ast-content-background-meta":{"desktop":{"background-color":"var(--ast-global-color-5)","background-image":"","background-repeat":"repeat","background-position":"center center","background-size":"auto","background-attachment":"scroll","background-type":"","background-media":"","overlay-type":"","overlay-color":"","overlay-opacity":"","overlay-gradient":""},"tablet":{"background-color":"var(--ast-global-color-5)","background-image":"","background-repeat":"repeat","background-position":"center center","background-size":"auto","background-attachment":"scroll","background-type":"","background-media":"","overlay-type":"","overlay-color":"","overlay-opacity":"","overlay-gradient":""},"mobile":{"background-color":"var(--ast-global-color-5)","background-image":"","background-repeat":"repeat","background-position":"center center","background-size":"auto","background-attachment":"scroll","background-type":"","background-media":"","overlay-type":"","overlay-color":"","overlay-opacity":"","overlay-gradient":""}},"footnotes":""},"class_list":["post-4287","page","type-page","status-publish","hentry"],"_links":{"self":[{"href":"https:\/\/www.ching-chee.com\/en\/wp-json\/wp\/v2\/pages\/4287","targetHints":{"allow":["GET"]}}],"collection":[{"href":"https:\/\/www.ching-chee.com\/en\/wp-json\/wp\/v2\/pages"}],"about":[{"href":"https:\/\/www.ching-chee.com\/en\/wp-json\/wp\/v2\/types\/page"}],"author":[{"embeddable":true,"href":"https:\/\/www.ching-chee.com\/en\/wp-json\/wp\/v2\/users\/1"}],"replies":[{"embeddable":true,"href":"https:\/\/www.ching-chee.com\/en\/wp-json\/wp\/v2\/comments?post=4287"}],"version-history":[{"count":0,"href":"https:\/\/www.ching-chee.com\/en\/wp-json\/wp\/v2\/pages\/4287\/revisions"}],"up":[{"embeddable":true,"href":"https:\/\/www.ching-chee.com\/en\/wp-json\/wp\/v2\/pages\/3082"}],"wp:attachment":[{"href":"https:\/\/www.ching-chee.com\/en\/wp-json\/wp\/v2\/media?parent=4287"}],"curies":[{"name":"wp","href":"https:\/\/api.w.org\/{rel}","templated":true}]}}